{"id":568,"date":"2021-09-29T15:00:23","date_gmt":"2021-09-29T13:00:23","guid":{"rendered":"https:\/\/www.zmmborkowscy.pl\/?page_id=568"},"modified":"2021-09-29T16:07:12","modified_gmt":"2021-09-29T14:07:12","slug":"a-propos-de-la-societe","status":"publish","type":"page","link":"https:\/\/www.zmmborkowscy.pl\/fr\/a-propos-de-la-societe","title":{"rendered":"\u00c0 propos de la soci\u00e9t\u00e9"},"content":{"rendered":"","protected":false},"excerpt":{"rendered":"","protected":false},"author":2,"featured_media":0,"parent":0,"menu_order":0,"comment_status":"closed","ping_status":"closed","template":"","meta":[],"_links":{"self":[{"href":"https:\/\/www.zmmborkowscy.pl\/fr\/wp-json\/wp\/v2\/pages\/568"}],"collection":[{"href":"https:\/\/www.zmmborkowscy.pl\/fr\/wp-json\/wp\/v2\/pages"}],"about":[{"href":"https:\/\/www.zmmborkowscy.pl\/fr\/wp-json\/wp\/v2\/types\/page"}],"author":[{"embeddable":true,"href":"https:\/\/www.zmmborkowscy.pl\/fr\/wp-json\/wp\/v2\/users\/2"}],"replies":[{"embeddable":true,"href":"https:\/\/www.zmmborkowscy.pl\/fr\/wp-json\/wp\/v2\/comments?post=568"}],"version-history":[{"count":1,"href":"https:\/\/www.zmmborkowscy.pl\/fr\/wp-json\/wp\/v2\/pages\/568\/revisions"}],"predecessor-version":[{"id":569,"href":"https:\/\/www.zmmborkowscy.pl\/fr\/wp-json\/wp\/v2\/pages\/568\/revisions\/569"}],"wp:attachment":[{"href":"https:\/\/www.zmmborkowscy.pl\/fr\/wp-json\/wp\/v2\/media?parent=568"}],"curies":[{"name":"wp","href":"https:\/\/api.w.org\/{rel}","templated":true}]}}